{"id":225,"date":"2021-02-11T17:36:26","date_gmt":"2021-02-11T16:36:26","guid":{"rendered":"https:\/\/isk.brandingbrothers.at\/?page_id=225"},"modified":"2024-01-04T11:51:32","modified_gmt":"2024-01-04T10:51:32","slug":"aktuelles","status":"publish","type":"page","link":"https:\/\/www.school-krems.at\/en\/aktuelles\/","title":{"rendered":"News"},"content":{"rendered":"<section class=\"l-section wpb_row reset-margins height_medium\"><div class=\"l-section-h i-cf\"><div class=\"g-cols vc_row via_flex valign_top type_default stacking_default\"><div class=\"vc_col-sm-12 wpb_column vc_column_container aktuelles\"><div class=\"vc_column-inner\"><div class=\"wpb_wrapper\"><div class=\"wpb_text_column\"><div class=\"wpb_wrapper\"><h1 style=\"text-align: center;\">Aktuelles<\/h1>\n<\/div><\/div><div class=\"w-separator size_medium\"><\/div><div class=\"w-grid us_grid type_grid layout_495 cols_3 preload_style_spinner\" id=\"us_grid_1\" style=\"--columns:3;--gap:1.5rem;\" data-filterable=\"true\"><style>@media (max-width:1380px){#us_grid_1{--columns:1!important}}@media (max-width:1050px){#us_grid_1{--columns:1!important}}@media (max-width:675px){#us_grid_1{--columns:1!important}}.layout_495 .w-grid-item-h{}.layout_495 .usg_post_title_1{font-size:1.4rem!important;margin-bottom:0.5rem!important}.layout_495 .usg_hwrapper_1{color:var(--color-content-faded)!important;font-size:0.9rem!important}.layout_495 .usg_post_content_1{margin-top:0.5rem!important}.layout_495 .usg_btn_1{margin-top:1.5rem!important}.layout_495 .usg_vwrapper_1{padding:15px!important;background:#eeeff0!important}<\/style><div class=\"w-grid-list\">\t<article class=\"w-grid-item size_1x1 post-3140 post type-post status-publish format-standard has-post-thumbnail hentry category-allgemein\" data-id=\"3140\">\r\n\t\t<div class=\"w-grid-item-h\">\r\n\t\t\t\t\t\t<div class=\"w-vwrapper usg_vwrapper_2 align_left valign_top\"><div class=\"w-post-elm post_image usg_post_image_1 has_ratio\"><a href=\"https:\/\/www.school-krems.at\/en\/2023\/02\/22\/der-fasching-ist-zu-ende\/\" aria-label=\"Der Fasching ist zu Ende\"><img loading=\"lazy\" decoding=\"async\" width=\"1024\" height=\"768\" src=\"https:\/\/www.school-krems.at\/wp-content\/uploads\/2023\/02\/WhatsApp-Image-2023-02-21-at-13.45.29-1024x768.jpeg\" class=\"attachment-large size-large wp-post-image\" alt=\"\" \/><\/a><div style=\"padding-bottom:100%\"><\/div><\/div><\/div><div class=\"w-vwrapper usg_vwrapper_1 align_left valign_top\"><h2 class=\"w-post-elm post_title usg_post_title_1 entry-title color_link_inherit\"><a href=\"https:\/\/www.school-krems.at\/en\/2023\/02\/22\/der-fasching-ist-zu-ende\/\">Der Fasching ist zu Ende<\/a><\/h2><div class=\"w-hwrapper usg_hwrapper_1 has_text_color align_left valign_top wrap\"><time class=\"w-post-elm post_date usg_post_date_1 entry-date published\" datetime=\"2023-02-22T10:32:06+01:00\">22. February 2023<\/time><div class=\"w-post-elm post_taxonomy usg_post_taxonomy_1 style_simple color_link_inherit\"><span class=\"term-1 term-allgemein\">Allgemein<\/span><\/div><\/div><div class=\"w-post-elm post_content usg_post_content_1\">&nbsp;<\/div><a class=\"w-btn us-btn-style_13 usg_btn_1 icon_atright\" href=\"https:\/\/www.school-krems.at\/en\/2023\/02\/22\/der-fasching-ist-zu-ende\/\"><span class=\"w-btn-label\">Mehr erfahren<\/span><i class=\"fas fa-arrow-right\"><\/i><\/a><\/div>\t\t<\/div>\r\n\t\t\t<\/article>\r\n\t<article class=\"w-grid-item size_1x1 post-3015 post type-post status-publish format-standard has-post-thumbnail hentry category-allgemein\" data-id=\"3015\">\r\n\t\t<div class=\"w-grid-item-h\">\r\n\t\t\t\t\t\t<div class=\"w-vwrapper usg_vwrapper_2 align_left valign_top\"><div class=\"w-post-elm post_image usg_post_image_1 has_ratio\"><a href=\"https:\/\/www.school-krems.at\/en\/2022\/12\/12\/adventfeier\/\" aria-label=\"Adventfeier\"><img loading=\"lazy\" decoding=\"async\" width=\"768\" height=\"1024\" src=\"https:\/\/www.school-krems.at\/wp-content\/uploads\/2022\/12\/Adventfeier_2022-12-02-at-20.24.26-3.jpeg\" class=\"attachment-large size-large wp-post-image\" alt=\"\" \/><\/a><div style=\"padding-bottom:100%\"><\/div><\/div><\/div><div class=\"w-vwrapper usg_vwrapper_1 align_left valign_top\"><h2 class=\"w-post-elm post_title usg_post_title_1 entry-title color_link_inherit\"><a href=\"https:\/\/www.school-krems.at\/en\/2022\/12\/12\/adventfeier\/\">Adventfeier<\/a><\/h2><div class=\"w-hwrapper usg_hwrapper_1 has_text_color align_left valign_top wrap\"><time class=\"w-post-elm post_date usg_post_date_1 entry-date published\" datetime=\"2022-12-12T10:54:13+01:00\">12. December 2022<\/time><div class=\"w-post-elm post_taxonomy usg_post_taxonomy_1 style_simple color_link_inherit\"><span class=\"term-1 term-allgemein\">Allgemein<\/span><\/div><\/div><div class=\"w-post-elm post_content usg_post_content_1\">Dieses Jahr feierte die Junior Highschool gemeinsam mit der Volksschule eine Adventmesse. Hier ein paar Eindr\u00fccke dazu.<\/div><a class=\"w-btn us-btn-style_13 usg_btn_1 icon_atright\" href=\"https:\/\/www.school-krems.at\/en\/2022\/12\/12\/adventfeier\/\"><span class=\"w-btn-label\">Mehr erfahren<\/span><i class=\"fas fa-arrow-right\"><\/i><\/a><\/div>\t\t<\/div>\r\n\t\t\t<\/article>\r\n\t<article class=\"w-grid-item size_1x1 post-2549 post type-post status-publish format-link has-post-thumbnail hentry category-allgemein post_format-post-format-link\" data-id=\"2549\">\r\n\t\t<div class=\"w-grid-item-h\">\r\n\t\t\t\t\t\t<div class=\"w-vwrapper usg_vwrapper_2 align_left valign_top\"><div class=\"w-post-elm post_image usg_post_image_1 has_ratio\"><a href=\"https:\/\/m.noen.at\/niederoesterreich\/gesellschaft\/dioezese-st-poelten-ukraine-benefizkonzert-in-der-piaristenkirche-in-krems-krems-piaristenkirche-ukraine-dioezese-st-poelten-niederoesterreich-hilft-320514444#320514444-40100611,320514970\" aria-label=\"Benefizkonzert in der Piaristenkirche\"><img loading=\"lazy\" decoding=\"async\" width=\"1024\" height=\"461\" src=\"https:\/\/www.school-krems.at\/wp-content\/uploads\/2022\/05\/WhatsApp-Image-2022-04-25-at-21.42.30-1024x461.jpeg\" class=\"attachment-large size-large wp-post-image\" alt=\"\" \/><\/a><div style=\"padding-bottom:100%\"><\/div><\/div><\/div><div class=\"w-vwrapper usg_vwrapper_1 align_left valign_top\"><h2 class=\"w-post-elm post_title usg_post_title_1 entry-title color_link_inherit\"><a href=\"https:\/\/m.noen.at\/niederoesterreich\/gesellschaft\/dioezese-st-poelten-ukraine-benefizkonzert-in-der-piaristenkirche-in-krems-krems-piaristenkirche-ukraine-dioezese-st-poelten-niederoesterreich-hilft-320514444#320514444-40100611,320514970\">Benefizkonzert in der Piaristenkirche<\/a><\/h2><div class=\"w-hwrapper usg_hwrapper_1 has_text_color align_left valign_top wrap\"><time class=\"w-post-elm post_date usg_post_date_1 entry-date published\" datetime=\"2022-05-04T10:53:56+02:00\">4. May 2022<\/time><div class=\"w-post-elm post_taxonomy usg_post_taxonomy_1 style_simple color_link_inherit\"><span class=\"term-1 term-allgemein\">Allgemein<\/span><\/div><\/div><a class=\"w-btn us-btn-style_13 usg_btn_1 icon_atright\" href=\"https:\/\/m.noen.at\/niederoesterreich\/gesellschaft\/dioezese-st-poelten-ukraine-benefizkonzert-in-der-piaristenkirche-in-krems-krems-piaristenkirche-ukraine-dioezese-st-poelten-niederoesterreich-hilft-320514444#320514444-40100611,320514970\"><span class=\"w-btn-label\">Mehr erfahren<\/span><i class=\"fas fa-arrow-right\"><\/i><\/a><\/div>\t\t<\/div>\r\n\t\t\t<\/article>\r\n\t<article class=\"w-grid-item size_1x1 post-2519 post type-post status-publish format-link has-post-thumbnail hentry category-allgemein post_format-post-format-link\" data-id=\"2519\">\r\n\t\t<div class=\"w-grid-item-h\">\r\n\t\t\t\t\t\t<div class=\"w-vwrapper usg_vwrapper_2 align_left valign_top\"><div class=\"w-post-elm post_image usg_post_image_1 has_ratio\"><a href=\"https:\/\/www.school-krems.at\/wp-content\/uploads\/2022\/04\/Terminaviso-Benefizveranstaltung_Krems.pdf\" aria-label=\"Save the Date &#8211; Montag, 25.April 2022 &#8211; Benefizkonzert\"><img loading=\"lazy\" decoding=\"async\" width=\"640\" height=\"640\" src=\"https:\/\/www.school-krems.at\/wp-content\/uploads\/2022\/04\/savethedate.png\" class=\"attachment-large size-large wp-post-image\" alt=\"\" \/><\/a><div style=\"padding-bottom:100%\"><\/div><\/div><\/div><div class=\"w-vwrapper usg_vwrapper_1 align_left valign_top\"><h2 class=\"w-post-elm post_title usg_post_title_1 entry-title color_link_inherit\"><a href=\"https:\/\/www.school-krems.at\/wp-content\/uploads\/2022\/04\/Terminaviso-Benefizveranstaltung_Krems.pdf\">Save the Date &#8211; Montag, 25.April 2022 &#8211; Benefizkonzert<\/a><\/h2><div class=\"w-hwrapper usg_hwrapper_1 has_text_color align_left valign_top wrap\"><time class=\"w-post-elm post_date usg_post_date_1 entry-date published\" datetime=\"2022-04-06T11:09:17+02:00\">6. April 2022<\/time><div class=\"w-post-elm post_taxonomy usg_post_taxonomy_1 style_simple color_link_inherit\"><span class=\"term-1 term-allgemein\">Allgemein<\/span><\/div><\/div><a class=\"w-btn us-btn-style_13 usg_btn_1 icon_atright\" href=\"https:\/\/www.school-krems.at\/wp-content\/uploads\/2022\/04\/Terminaviso-Benefizveranstaltung_Krems.pdf\"><span class=\"w-btn-label\">Mehr erfahren<\/span><i class=\"fas fa-arrow-right\"><\/i><\/a><\/div>\t\t<\/div>\r\n\t\t\t<\/article>\r\n\t<article class=\"w-grid-item size_1x1 post-2333 post type-post status-publish format-standard has-post-thumbnail hentry category-allgemein\" data-id=\"2333\">\r\n\t\t<div class=\"w-grid-item-h\">\r\n\t\t\t\t\t\t<div class=\"w-vwrapper usg_vwrapper_2 align_left valign_top\"><div class=\"w-post-elm post_image usg_post_image_1 has_ratio\"><a href=\"https:\/\/www.school-krems.at\/en\/2022\/02\/02\/we-are-looking-for-you\/\" aria-label=\"We are looking for you!\"><img loading=\"lazy\" decoding=\"async\" width=\"1024\" height=\"1024\" src=\"https:\/\/www.school-krems.at\/wp-content\/uploads\/2022\/02\/handshake-4784749_1280-1024x1024.png\" class=\"attachment-large size-large wp-post-image\" alt=\"\" \/><\/a><div style=\"padding-bottom:100%\"><\/div><\/div><\/div><div class=\"w-vwrapper usg_vwrapper_1 align_left valign_top\"><h2 class=\"w-post-elm post_title usg_post_title_1 entry-title color_link_inherit\"><a href=\"https:\/\/www.school-krems.at\/en\/2022\/02\/02\/we-are-looking-for-you\/\">We are looking for you!<\/a><\/h2><div class=\"w-hwrapper usg_hwrapper_1 has_text_color align_left valign_top wrap\"><time class=\"w-post-elm post_date usg_post_date_1 entry-date published\" datetime=\"2022-02-02T11:34:20+01:00\">2. February 2022<\/time><div class=\"w-post-elm post_taxonomy usg_post_taxonomy_1 style_simple color_link_inherit\"><span class=\"term-1 term-allgemein\">Allgemein<\/span><\/div><\/div><div class=\"w-post-elm post_content usg_post_content_1\">Stellenausschreibungen Send us your application to office@school-krems.at<\/div><a class=\"w-btn us-btn-style_13 usg_btn_1 icon_atright\" href=\"https:\/\/www.school-krems.at\/en\/2022\/02\/02\/we-are-looking-for-you\/\"><span class=\"w-btn-label\">Mehr erfahren<\/span><i class=\"fas fa-arrow-right\"><\/i><\/a><\/div>\t\t<\/div>\r\n\t\t\t<\/article>\r\n\t<article class=\"w-grid-item size_1x1 post-2044 post type-post status-publish format-standard has-post-thumbnail hentry category-allgemein category-volksschule\" data-id=\"2044\">\r\n\t\t<div class=\"w-grid-item-h\">\r\n\t\t\t\t\t\t<div class=\"w-vwrapper usg_vwrapper_2 align_left valign_top\"><div class=\"w-post-elm post_image usg_post_image_1 has_ratio\"><a href=\"https:\/\/www.school-krems.at\/en\/2021\/10\/01\/2044\/\" aria-label=\"A Walk along the Danube\"><img loading=\"lazy\" decoding=\"async\" width=\"1024\" height=\"768\" src=\"https:\/\/www.school-krems.at\/wp-content\/uploads\/2021\/10\/WhatsApp-Image-2021-09-22-at-09.44.20.jpeg\" class=\"attachment-large size-large wp-post-image\" alt=\"\" \/><\/a><div style=\"padding-bottom:100%\"><\/div><\/div><\/div><div class=\"w-vwrapper usg_vwrapper_1 align_left valign_top\"><h2 class=\"w-post-elm post_title usg_post_title_1 entry-title color_link_inherit\"><a href=\"https:\/\/www.school-krems.at\/en\/2021\/10\/01\/2044\/\">A Walk along the Danube<\/a><\/h2><div class=\"w-hwrapper usg_hwrapper_1 has_text_color align_left valign_top wrap\"><time class=\"w-post-elm post_date usg_post_date_1 entry-date published\" datetime=\"2021-10-01T16:40:25+02:00\">1. October 2021<\/time><div class=\"w-post-elm post_taxonomy usg_post_taxonomy_1 style_simple color_link_inherit\"><span class=\"term-1 term-allgemein\">Allgemein<\/span><b>, <\/b><span class=\"term-7 term-volksschule\">Volksschule<\/span><\/div><\/div><div class=\"w-post-elm post_content usg_post_content_1\">The owl class went with Anna and Andy for a walk to Stein, stopping off for a break at an adventure playground. The kids had a great time. Before heading&hellip;<\/div><a class=\"w-btn us-btn-style_13 usg_btn_1 icon_atright\" href=\"https:\/\/www.school-krems.at\/en\/2021\/10\/01\/2044\/\"><span class=\"w-btn-label\">Mehr erfahren<\/span><i class=\"fas fa-arrow-right\"><\/i><\/a><\/div>\t\t<\/div>\r\n\t\t\t<\/article>\r\n\t<article class=\"w-grid-item size_1x1 post-1562 post type-post status-publish format-standard has-post-thumbnail hentry category-allgemein category-mittelschule\" data-id=\"1562\">\r\n\t\t<div class=\"w-grid-item-h\">\r\n\t\t\t\t\t\t<div class=\"w-vwrapper usg_vwrapper_2 align_left valign_top\"><div class=\"w-post-elm post_image usg_post_image_1 has_ratio\"><a href=\"https:\/\/www.school-krems.at\/en\/2021\/06\/21\/nach-langem-warten-war-es-endlich-soweit\/\" aria-label=\"Nach langem Warten war es endlich soweit!\"><img loading=\"lazy\" decoding=\"async\" width=\"1024\" height=\"768\" src=\"https:\/\/www.school-krems.at\/wp-content\/uploads\/2021\/06\/WhatsApp-Image-2021-06-18-at-4.42.32-PM-1024x768.jpeg\" class=\"attachment-large size-large wp-post-image\" alt=\"\" \/><\/a><div style=\"padding-bottom:100%\"><\/div><\/div><\/div><div class=\"w-vwrapper usg_vwrapper_1 align_left valign_top\"><h2 class=\"w-post-elm post_title usg_post_title_1 entry-title color_link_inherit\"><a href=\"https:\/\/www.school-krems.at\/en\/2021\/06\/21\/nach-langem-warten-war-es-endlich-soweit\/\">Nach langem Warten war es endlich soweit!<\/a><\/h2><div class=\"w-hwrapper usg_hwrapper_1 has_text_color align_left valign_top wrap\"><time class=\"w-post-elm post_date usg_post_date_1 entry-date published\" datetime=\"2021-06-21T11:02:21+02:00\">21. June 2021<\/time><div class=\"w-post-elm post_taxonomy usg_post_taxonomy_1 style_simple color_link_inherit\"><span class=\"term-1 term-allgemein\">Allgemein<\/span><b>, <\/b><span class=\"term-8 term-mittelschule\">Mittelschule<\/span><\/div><\/div><div class=\"w-post-elm post_content usg_post_content_1\">Am Donnerstag, 17. Juni 2021 fand der Kennenlerntag der Junior High School statt. Endlich lernten die Kindern und Eltern das Team ihrer neuen Schule kennen. Nach einer Pr\u00e4sentation der Vision&hellip;<\/div><a class=\"w-btn us-btn-style_13 usg_btn_1 icon_atright\" href=\"https:\/\/www.school-krems.at\/en\/2021\/06\/21\/nach-langem-warten-war-es-endlich-soweit\/\"><span class=\"w-btn-label\">Mehr erfahren<\/span><i class=\"fas fa-arrow-right\"><\/i><\/a><\/div>\t\t<\/div>\r\n\t\t\t<\/article>\r\n\t<article class=\"w-grid-item size_1x1 post-1487 post type-post status-publish format-standard has-post-thumbnail hentry category-allgemein\" data-id=\"1487\">\r\n\t\t<div class=\"w-grid-item-h\">\r\n\t\t\t\t\t\t<div class=\"w-vwrapper usg_vwrapper_2 align_left valign_top\"><div class=\"w-post-elm post_image usg_post_image_1 has_ratio\"><a href=\"https:\/\/www.school-krems.at\/en\/2021\/05\/27\/setzen-5-die-paedagogische-herausforderung-ist-eine-andere\/\" aria-label=\"Setzen, 5! Die p\u00e4dagogische Herausforderung ist eine andere &#8230;\"><img loading=\"lazy\" decoding=\"async\" width=\"1024\" height=\"768\" src=\"https:\/\/www.school-krems.at\/wp-content\/uploads\/2021\/05\/WhatsApp-Image-2021-05-27-at-15.04.13-1024x768.jpeg\" class=\"attachment-large size-large wp-post-image\" alt=\"\" \/><\/a><div style=\"padding-bottom:100%\"><\/div><\/div><\/div><div class=\"w-vwrapper usg_vwrapper_1 align_left valign_top\"><h2 class=\"w-post-elm post_title usg_post_title_1 entry-title color_link_inherit\"><a href=\"https:\/\/www.school-krems.at\/en\/2021\/05\/27\/setzen-5-die-paedagogische-herausforderung-ist-eine-andere\/\">Setzen, 5! Die p\u00e4dagogische Herausforderung ist eine andere &#8230;<\/a><\/h2><div class=\"w-hwrapper usg_hwrapper_1 has_text_color align_left valign_top wrap\"><time class=\"w-post-elm post_date usg_post_date_1 entry-date published\" datetime=\"2021-05-27T15:06:57+02:00\">27. May 2021<\/time><div class=\"w-post-elm post_taxonomy usg_post_taxonomy_1 style_simple color_link_inherit\"><span class=\"term-1 term-allgemein\">Allgemein<\/span><\/div><\/div><div class=\"w-post-elm post_content usg_post_content_1\">Einer unserer Schulgr\u00fcnder, Bildungsunternehmer Dr. Heinz Boyer, hat vor kurzem das interessante und lesenswerte Buch &#8222;Setzen, 5! Die p\u00e4dagogische Herausforderung ist eine andere &#8230;&#8220; ver\u00f6ffentlicht, in dem er aufzeigt, wie&hellip;<\/div><a class=\"w-btn us-btn-style_13 usg_btn_1 icon_atright\" href=\"https:\/\/www.school-krems.at\/en\/2021\/05\/27\/setzen-5-die-paedagogische-herausforderung-ist-eine-andere\/\"><span class=\"w-btn-label\">Mehr erfahren<\/span><i class=\"fas fa-arrow-right\"><\/i><\/a><\/div>\t\t<\/div>\r\n\t\t\t<\/article>\r\n\t<article class=\"w-grid-item size_1x1 custom-link post-1659 post type-post status-publish format-gallery post-password-required hentry category-allgemein post_format-post-format-gallery\" data-id=\"1659\">\r\n\t\t<div class=\"w-grid-item-h\">\r\n\t\t\t\t\t\t\t<a href=\"lamas21\" aria-label=\"Protected: LAMAS 2021\"><\/a>\r\n\t\t\t\t\t\t<div class=\"w-vwrapper usg_vwrapper_2 align_left valign_top\"><div class=\"w-post-elm post_image usg_post_image_1 has_ratio\"><a href=\"https:\/\/www.school-krems.at\/en\/2020\/07\/05\/lamas-2021\/\" aria-label=\"Protected: LAMAS 2021\"><img loading=\"lazy\" decoding=\"async\" width=\"1024\" height=\"684\" src=\"https:\/\/www.school-krems.at\/wp-content\/uploads\/2021\/07\/DSC_0162-1024x684.jpg\" class=\"attachment-large size-large wp-post-image\" alt=\"\" \/><\/a><div style=\"padding-bottom:100%\"><\/div><\/div><\/div><div class=\"w-vwrapper usg_vwrapper_1 align_left valign_top\"><h2 class=\"w-post-elm post_title usg_post_title_1 entry-title color_link_inherit\"><a href=\"https:\/\/www.school-krems.at\/en\/2020\/07\/05\/lamas-2021\/\">Protected: LAMAS 2021<\/a><\/h2><div class=\"w-hwrapper usg_hwrapper_1 has_text_color align_left valign_top wrap\"><time class=\"w-post-elm post_date usg_post_date_1 entry-date published\" datetime=\"2020-07-05T16:50:34+02:00\">5. July 2020<\/time><div class=\"w-post-elm post_taxonomy usg_post_taxonomy_1 style_simple color_link_inherit\"><span class=\"term-1 term-allgemein\">Allgemein<\/span><\/div><\/div><div class=\"w-post-elm post_content usg_post_content_1\">This content is password-protected. To view it, please enter the password below. Password:<\/div><a class=\"w-btn us-btn-style_13 usg_btn_1 icon_atright\" href=\"https:\/\/www.school-krems.at\/en\/2020\/07\/05\/lamas-2021\/\"><span class=\"w-btn-label\">Mehr erfahren<\/span><i class=\"fas fa-arrow-right\"><\/i><\/a><\/div>\t\t<\/div>\r\n\t\t\t<\/article>\r\n<\/div>\t<div class=\"w-grid-preloader\">\r\n\t\t<div class=\"g-preloader type_custom\">\r\n\t\t\t<div><img loading=\"lazy\" decoding=\"async\" width=\"200\" height=\"199\" src=\"https:\/\/www.school-krems.at\/wp-content\/uploads\/2021\/02\/ISK-icon-kl.gif\" class=\"attachment-medium size-medium\" alt=\"\" \/><\/div>\r\n\t\t<\/div>\r\n\t<\/div>\r\n\t\t<div class=\"w-grid-json hidden\" onclick='return {&quot;action&quot;:&quot;us_ajax_grid&quot;,&quot;infinite_scroll&quot;:0,&quot;max_num_pages&quot;:1,&quot;pagination&quot;:&quot;none&quot;,&quot;template_vars&quot;:{&quot;columns&quot;:&quot;3&quot;,&quot;exclude_items&quot;:&quot;none&quot;,&quot;img_size&quot;:&quot;default&quot;,&quot;ignore_items_size&quot;:0,&quot;items_layout&quot;:&quot;495&quot;,&quot;items_offset&quot;:&quot;1&quot;,&quot;load_animation&quot;:&quot;none&quot;,&quot;overriding_link&quot;:&quot;{\\&quot;url\\&quot;:\\&quot;\\&quot;}&quot;,&quot;post_id&quot;:0,&quot;query_args&quot;:{&quot;post_type&quot;:[&quot;post&quot;],&quot;tax_query&quot;:[{&quot;taxonomy&quot;:&quot;category&quot;,&quot;field&quot;:&quot;slug&quot;,&quot;terms&quot;:[&quot;allgemein&quot;]}],&quot;post_status&quot;:[&quot;publish&quot;],&quot;posts_per_page&quot;:&quot;21&quot;},&quot;orderby_query_args&quot;:{&quot;orderby&quot;:{&quot;date&quot;:&quot;DESC&quot;}},&quot;type&quot;:&quot;grid&quot;,&quot;us_grid_post_type&quot;:&quot;post&quot;,&quot;us_grid_ajax_index&quot;:1,&quot;us_grid_filter_query_string&quot;:null,&quot;us_grid_index&quot;:1,&quot;page_args&quot;:[]}}'><\/div>\r\n\t<\/div><\/div><\/div><\/div><\/div><\/div><\/section><section class=\"l-section wpb_row height_medium\"><div class=\"l-section-h i-cf\"><div class=\"g-cols vc_row via_flex valign_top type_default stacking_default\"><div class=\"vc_col-sm-12 wpb_column vc_column_container\"><div class=\"vc_column-inner\"><div class=\"wpb_wrapper\"><\/div><\/div><\/div><\/div><\/div><\/section>\n","protected":false},"excerpt":{"rendered":"","protected":false},"author":2,"featured_media":0,"parent":0,"menu_order":0,"comment_status":"closed","ping_status":"closed","template":"","meta":{"footnotes":""},"class_list":["post-225","page","type-page","status-publish","hentry"],"_links":{"self":[{"href":"https:\/\/www.school-krems.at\/en\/wp-json\/wp\/v2\/pages\/225","targetHints":{"allow":["GET"]}}],"collection":[{"href":"https:\/\/www.school-krems.at\/en\/wp-json\/wp\/v2\/pages"}],"about":[{"href":"https:\/\/www.school-krems.at\/en\/wp-json\/wp\/v2\/types\/page"}],"author":[{"embeddable":true,"href":"https:\/\/www.school-krems.at\/en\/wp-json\/wp\/v2\/users\/2"}],"replies":[{"embeddable":true,"href":"https:\/\/www.school-krems.at\/en\/wp-json\/wp\/v2\/comments?post=225"}],"version-history":[{"count":0,"href":"https:\/\/www.school-krems.at\/en\/wp-json\/wp\/v2\/pages\/225\/revisions"}],"wp:attachment":[{"href":"https:\/\/www.school-krems.at\/en\/wp-json\/wp\/v2\/media?parent=225"}],"curies":[{"name":"wp","href":"https:\/\/api.w.org\/{rel}","templated":true}]}}