{"id":4731,"date":"2025-03-25T09:38:35","date_gmt":"2025-03-25T08:38:35","guid":{"rendered":"https:\/\/www.school-krems.at\/?page_id=4731"},"modified":"2025-03-25T09:38:35","modified_gmt":"2025-03-25T08:38:35","slug":"berufsorientierung","status":"publish","type":"page","link":"https:\/\/www.school-krems.at\/en\/berufsorientierung\/","title":{"rendered":"Berufsorientierung"},"content":{"rendered":"<section class=\"l-section wpb_row height_medium color_alternate\"><div class=\"l-section-h i-cf\"><div class=\"g-cols vc_row via_flex valign_top type_default stacking_default\"><div class=\"vc_col-sm-12 wpb_column vc_column_container\"><div class=\"vc_column-inner\"><div class=\"wpb_wrapper\"><div class=\"w-image align_center\"><div class=\"w-image-h\"><img decoding=\"async\" width=\"1120\" height=\"300\" src=\"https:\/\/www.school-krems.at\/wp-content\/uploads\/2021\/02\/Goettweig-Header-1.png\" class=\"attachment-full size-full\" alt=\"\" loading=\"lazy\" srcset=\"https:\/\/www.school-krems.at\/wp-content\/uploads\/2021\/02\/Goettweig-Header-1.png 1120w, https:\/\/www.school-krems.at\/wp-content\/uploads\/2021\/02\/Goettweig-Header-1-300x80.png 300w, https:\/\/www.school-krems.at\/wp-content\/uploads\/2021\/02\/Goettweig-Header-1-1024x274.png 1024w, https:\/\/www.school-krems.at\/wp-content\/uploads\/2021\/02\/Goettweig-Header-1-16x4.png 16w, https:\/\/www.school-krems.at\/wp-content\/uploads\/2021\/02\/Goettweig-Header-1-200x54.png 200w\" sizes=\"auto, (max-width: 1120px) 100vw, 1120px\" \/><\/div><\/div><div class=\"wpb_text_column\"><div class=\"wpb_wrapper\"><h1 style=\"text-align: center;\" data-sourcepos=\"3:1-3:63\">Bildungs- und Berufsorientierung<\/h1>\n<\/div><\/div><\/div><\/div><\/div><\/div><\/div><\/section><section class=\"l-section wpb_row height_medium\"><div class=\"l-section-h i-cf\"><div class=\"g-cols vc_row via_flex valign_top type_default stacking_default\"><div class=\"vc_col-sm-12 wpb_column vc_column_container\"><div class=\"vc_column-inner\"><div class=\"wpb_wrapper\"><div class=\"wpb_text_column\"><div class=\"wpb_wrapper\"><p>Das Unterrichtsfach Bildungs- und Berufsorientierung wird an unserer Schule mit je einer Wochenstunde in der 7. und 8. Schulstufe umgesetzt. Ziele der Unterrichtsinhalte sind beispielsweise, die Jugendlichen in ihren Entwicklungsaufgaben zu begleiten, ihre St\u00e4rken, Talente, Interessen und F\u00e4higkeiten wahrzunehmen und zu f\u00f6rdern und sie beim Aufbau von Orientierungs- und Entscheidungsprozessen zu unterst\u00fctzen. Durch die Vermittlung von sogenannten Career Management Skills erlangen Sch\u00fcler:innen die F\u00e4higkeit, eigene Ziele zu definieren und zu verfolgen. Die Jugendlichen sollen zu einer selbstst\u00e4ndigen und selbstbestimmten Laufbahngestaltung bef\u00e4higt werden.<\/p>\n<\/div><\/div><\/div><\/div><\/div><\/div><\/div><\/section><section class=\"l-section wpb_row height_medium color_alternate\"><div class=\"l-section-h i-cf\"><div class=\"g-cols vc_row via_flex valign_top type_default stacking_default\"><div class=\"vc_col-sm-12 wpb_column vc_column_container\"><div class=\"vc_column-inner\"><div class=\"wpb_wrapper\"><div class=\"wpb_text_column\"><div class=\"wpb_wrapper\"><h2 style=\"text-align: center;\">Downloads<\/h2>\n<\/div><\/div><\/div><\/div><\/div><div class=\"vc_col-sm-6 wpb_column vc_column_container\"><div class=\"vc_column-inner\"><div class=\"wpb_wrapper\"><div class=\"w-btn-wrapper align_center\"><a class=\"w-btn us-btn-style_5\" href=\"https:\/\/www.school-krems.at\/wp-content\/uploads\/2025\/03\/Bestaetigung_individuelle_BBO.pdf\"><span class=\"w-btn-label\">Best\u00e4tigung<\/span><\/a><\/div><\/div><\/div><\/div><div class=\"vc_col-sm-6 wpb_column vc_column_container\"><div class=\"vc_column-inner\"><div class=\"wpb_wrapper\"><div class=\"w-btn-wrapper align_center\"><a class=\"w-btn us-btn-style_5\" href=\"https:\/\/www.school-krems.at\/wp-content\/uploads\/2025\/03\/Informationsblatt_individuelle_BO_Allgemein.pdf\"><span class=\"w-btn-label\">Informationsblatt<\/span><\/a><\/div><\/div><\/div><\/div><\/div><\/div><\/section><section class=\"l-section wpb_row height_medium\"><div class=\"l-section-h i-cf\"><div class=\"g-cols vc_row via_flex valign_top type_default stacking_default\"><div class=\"vc_col-sm-12 wpb_column vc_column_container\"><div class=\"vc_column-inner\"><div class=\"wpb_wrapper\"><div class=\"wpb_text_column\"><div class=\"wpb_wrapper\"><p>Die Sch\u00fcler:innen absolvieren im Laufe der 7. und 8. Schulstufe den N\u00d6 Talente Check, setzen sich mit verschiedenen Interessenstests auseinander, besuchen Berufsinformationsmessen und absolvieren die Berufspraktischen Tage. Au\u00dferdem finden im Rahmen des BBO-Unterrichtes verschiedene Betriebsbesichtigungen (z.B. voestalpine Krems) statt.<\/p>\n<\/div><\/div><div class=\"w-content-carousel items_1\"><div class=\"owl-carousel valign_stretch dotstyle_circle navstyle_circle arrows-ver-pos_middle arrows-hor-pos_on_sides_outside arrows-disabled_hide owl-responsive-2000 with_arrows\" style=\"--items-gap:30px;--transition-duration:350ms;--arrows-size:1.5rem;--arrows-gap:10px;\" onclick=\"return {&quot;aria_labels&quot;:{&quot;prev&quot;:&quot;Previous&quot;,&quot;next&quot;:&quot;Next&quot;},&quot;autoplayContinual&quot;:false,&quot;autoplayHoverPause&quot;:false,&quot;autoplayTimeout&quot;:3000,&quot;autoWidth&quot;:false,&quot;smartSpeed&quot;:350,&quot;margin&quot;:30,&quot;mouseDrag&quot;:true,&quot;rtl&quot;:false,&quot;slideBy&quot;:&quot;1&quot;,&quot;touchDrag&quot;:true,&quot;slideTransition&quot;:&quot;&quot;,&quot;animateIn&quot;:&quot;fadeIn&quot;,&quot;animateOut&quot;:&quot;fadeOut&quot;,&quot;responsive&quot;:{&quot;0&quot;:{&quot;autoHeight&quot;:false,&quot;autoplay&quot;:false,&quot;autoWidth&quot;:false,&quot;center&quot;:false,&quot;dots&quot;:false,&quot;items&quot;:1,&quot;loop&quot;:false,&quot;nav&quot;:false,&quot;stagePadding&quot;:0,&quot;slideBy&quot;:&quot;1&quot;},&quot;676&quot;:{&quot;autoHeight&quot;:false,&quot;autoplay&quot;:true,&quot;autoWidth&quot;:false,&quot;center&quot;:false,&quot;dots&quot;:false,&quot;items&quot;:1,&quot;loop&quot;:false,&quot;nav&quot;:true,&quot;stagePadding&quot;:0}}}\"><div class=\"w-image align_none\"><div class=\"w-image-h\"><img decoding=\"async\" width=\"1140\" height=\"420\" src=\"https:\/\/www.school-krems.at\/wp-content\/uploads\/2025\/03\/BBO1_1k-1140x420.jpeg\" class=\"attachment-us_1140_420_crop size-us_1140_420_crop\" alt=\"\" loading=\"lazy\" \/><\/div><\/div><div class=\"w-image align_none\"><div class=\"w-image-h\"><img decoding=\"async\" width=\"1140\" height=\"420\" src=\"https:\/\/www.school-krems.at\/wp-content\/uploads\/2025\/03\/BBO7_1k-1140x420.jpeg\" class=\"attachment-us_1140_420_crop size-us_1140_420_crop\" alt=\"\" loading=\"lazy\" \/><\/div><\/div><div class=\"w-image align_none\"><div class=\"w-image-h\"><img decoding=\"async\" width=\"1140\" height=\"420\" src=\"https:\/\/www.school-krems.at\/wp-content\/uploads\/2025\/03\/BBO5_1k-1140x420.jpeg\" class=\"attachment-us_1140_420_crop size-us_1140_420_crop\" alt=\"\" loading=\"lazy\" \/><\/div><\/div><div class=\"w-image align_none\"><div class=\"w-image-h\"><img decoding=\"async\" width=\"1140\" height=\"420\" src=\"https:\/\/www.school-krems.at\/wp-content\/uploads\/2025\/03\/BBO6_1k-1140x420.jpeg\" class=\"attachment-us_1140_420_crop size-us_1140_420_crop\" alt=\"\" loading=\"lazy\" \/><\/div><\/div><div class=\"w-image align_center\"><div class=\"w-image-h\"><img decoding=\"async\" width=\"504\" height=\"420\" src=\"https:\/\/www.school-krems.at\/wp-content\/uploads\/2025\/03\/BBO2_504_420.jpeg\" class=\"attachment-full size-full\" alt=\"\" loading=\"lazy\" srcset=\"https:\/\/www.school-krems.at\/wp-content\/uploads\/2025\/03\/BBO2_504_420.jpeg 504w, https:\/\/www.school-krems.at\/wp-content\/uploads\/2025\/03\/BBO2_504_420-300x250.jpeg 300w, https:\/\/www.school-krems.at\/wp-content\/uploads\/2025\/03\/BBO2_504_420-14x12.jpeg 14w, https:\/\/www.school-krems.at\/wp-content\/uploads\/2025\/03\/BBO2_504_420-200x167.jpeg 200w, https:\/\/www.school-krems.at\/wp-content\/uploads\/2025\/03\/BBO2_504_420-150x126.jpeg 150w\" sizes=\"auto, (max-width: 504px) 100vw, 504px\" \/><\/div><\/div><div class=\"w-image align_center\"><div class=\"w-image-h\"><img decoding=\"async\" width=\"504\" height=\"420\" src=\"https:\/\/www.school-krems.at\/wp-content\/uploads\/2025\/03\/BBO3_504_420.jpeg\" class=\"attachment-large size-large\" alt=\"\" loading=\"lazy\" srcset=\"https:\/\/www.school-krems.at\/wp-content\/uploads\/2025\/03\/BBO3_504_420.jpeg 504w, https:\/\/www.school-krems.at\/wp-content\/uploads\/2025\/03\/BBO3_504_420-300x250.jpeg 300w, https:\/\/www.school-krems.at\/wp-content\/uploads\/2025\/03\/BBO3_504_420-14x12.jpeg 14w, https:\/\/www.school-krems.at\/wp-content\/uploads\/2025\/03\/BBO3_504_420-200x167.jpeg 200w, https:\/\/www.school-krems.at\/wp-content\/uploads\/2025\/03\/BBO3_504_420-150x126.jpeg 150w\" sizes=\"auto, (max-width: 504px) 100vw, 504px\" \/><\/div><\/div><div class=\"w-image align_center\"><div class=\"w-image-h\"><img decoding=\"async\" width=\"420\" height=\"420\" src=\"https:\/\/www.school-krems.at\/wp-content\/uploads\/2025\/03\/BBO4_420_420.jpeg\" class=\"attachment-large size-large\" alt=\"\" loading=\"lazy\" srcset=\"https:\/\/www.school-krems.at\/wp-content\/uploads\/2025\/03\/BBO4_420_420.jpeg 420w, https:\/\/www.school-krems.at\/wp-content\/uploads\/2025\/03\/BBO4_420_420-300x300.jpeg 300w, https:\/\/www.school-krems.at\/wp-content\/uploads\/2025\/03\/BBO4_420_420-150x150.jpeg 150w, https:\/\/www.school-krems.at\/wp-content\/uploads\/2025\/03\/BBO4_420_420-12x12.jpeg 12w, https:\/\/www.school-krems.at\/wp-content\/uploads\/2025\/03\/BBO4_420_420-200x200.jpeg 200w, https:\/\/www.school-krems.at\/wp-content\/uploads\/2025\/03\/BBO4_420_420-238x238.jpeg 238w\" sizes=\"auto, (max-width: 420px) 100vw, 420px\" \/><\/div><\/div><\/div><\/div><\/div><\/div><\/div><\/div><\/div><\/section><section class=\"l-section wpb_row height_medium color_alternate\"><div class=\"l-section-h i-cf\"><div class=\"g-cols vc_row via_flex valign_top type_default stacking_default\"><div class=\"vc_col-sm-12 wpb_column vc_column_container\"><div class=\"vc_column-inner\"><div class=\"wpb_wrapper\"><div class=\"wpb_text_column\"><div class=\"wpb_wrapper\"><h2 style=\"text-align: center;\">Linksammlung Berufsorientierung<\/h2>\n<\/div><\/div><div class=\"wpb_text_column\"><div class=\"wpb_wrapper\">\n<table id=\"tablepress-5\" class=\"tablepress tablepress-id-5\">\n<tbody class=\"row-striping row-hover\">\n<tr class=\"row-1\">\n\t<td class=\"column-1\">ABC Berufsbildende Schulen<\/td><td class=\"column-2\">www.abc.berufsbildendeschulen.at<\/td>\n<\/tr>\n<tr class=\"row-2\">\n\t<td class=\"column-1\">AK N\u00d6<\/td><td class=\"column-2\">www.aknoe.at<\/td>\n<\/tr>\n<tr class=\"row-3\">\n\t<td class=\"column-1\">AK Young<\/td><td class=\"column-2\">www.akyoung.at<\/td>\n<\/tr>\n<tr class=\"row-4\">\n\t<td class=\"column-1\">AMS<\/td><td class=\"column-2\">www.ams.at<\/td>\n<\/tr>\n<tr class=\"row-5\">\n\t<td class=\"column-1\">Berufslexikon<\/td><td class=\"column-2\">www.berufslexikon.at<\/td>\n<\/tr>\n<tr class=\"row-6\">\n\t<td class=\"column-1\">Berufskompass<\/td><td class=\"column-2\">www.berufskompass.at<\/td>\n<\/tr>\n<tr class=\"row-7\">\n\t<td class=\"column-1\">BIC<\/td><td class=\"column-2\">www.bic.at<\/td>\n<\/tr>\n<tr class=\"row-8\">\n\t<td class=\"column-1\">Boys Day<\/td><td class=\"column-2\">www.boysday.at<\/td>\n<\/tr>\n<tr class=\"row-9\">\n\t<td class=\"column-1\">Girls Day<\/td><td class=\"column-2\">www.girlsday.cc<\/td>\n<\/tr>\n<tr class=\"row-10\">\n\t<td class=\"column-1\">Green Jobs<\/td><td class=\"column-2\">www.green-jobs.at<\/td>\n<\/tr>\n<tr class=\"row-11\">\n\t<td class=\"column-1\">ibobb<\/td><td class=\"column-2\">www.portal.ibobb.at<\/td>\n<\/tr>\n<tr class=\"row-12\">\n\t<td class=\"column-1\">Lehre? Respekt!<\/td><td class=\"column-2\">www.lehre-respekt.at<\/td>\n<\/tr>\n<tr class=\"row-13\">\n\t<td class=\"column-1\">Institut der Bildungsforschung f\u00fcr Wirtschaft<\/td><td class=\"column-2\">www.ibw.at<\/td>\n<\/tr>\n<\/tbody>\n<\/table>\n<!-- #tablepress-5 from cache -->\n<\/div><\/div><\/div><\/div><\/div><\/div><\/div><\/section>","protected":false},"excerpt":{"rendered":"Bildungs- und Berufsorientierung Das Unterrichtsfach Bildungs- und Berufsorientierung wird an unserer Schule mit je einer Wochenstunde in der 7. und 8. Schulstufe umgesetzt. Ziele der Unterrichtsinhalte sind beispielsweise, die Jugendlichen in ihren Entwicklungsaufgaben zu begleiten, ihre St\u00e4rken, Talente, Interessen und F\u00e4higkeiten wahrzunehmen und zu f\u00f6rdern und sie beim Aufbau von Orientierungs- und Entscheidungsprozessen zu unterst\u00fctzen....","protected":false},"author":3,"featured_media":0,"parent":0,"menu_order":0,"comment_status":"closed","ping_status":"closed","template":"","meta":{"footnotes":""},"class_list":["post-4731","page","type-page","status-publish","hentry"],"_links":{"self":[{"href":"https:\/\/www.school-krems.at\/en\/wp-json\/wp\/v2\/pages\/4731","targetHints":{"allow":["GET"]}}],"collection":[{"href":"https:\/\/www.school-krems.at\/en\/wp-json\/wp\/v2\/pages"}],"about":[{"href":"https:\/\/www.school-krems.at\/en\/wp-json\/wp\/v2\/types\/page"}],"author":[{"embeddable":true,"href":"https:\/\/www.school-krems.at\/en\/wp-json\/wp\/v2\/users\/3"}],"replies":[{"embeddable":true,"href":"https:\/\/www.school-krems.at\/en\/wp-json\/wp\/v2\/comments?post=4731"}],"version-history":[{"count":0,"href":"https:\/\/www.school-krems.at\/en\/wp-json\/wp\/v2\/pages\/4731\/revisions"}],"wp:attachment":[{"href":"https:\/\/www.school-krems.at\/en\/wp-json\/wp\/v2\/media?parent=4731"}],"curies":[{"name":"wp","href":"https:\/\/api.w.org\/{rel}","templated":true}]}}