{"id":944,"date":"2021-02-25T22:59:31","date_gmt":"2021-02-25T21:59:31","guid":{"rendered":"https:\/\/isk.brandingbrothers.at\/?page_id=944"},"modified":"2021-03-13T22:49:22","modified_gmt":"2021-03-13T21:49:22","slug":"impressum","status":"publish","type":"page","link":"https:\/\/www.school-krems.at\/en\/impressum\/","title":{"rendered":"Legal Notice"},"content":{"rendered":"<section class=\"l-section wpb_row height_medium\"><div class=\"l-section-h i-cf\"><div class=\"g-cols vc_row via_flex valign_top type_default stacking_default\"><div class=\"vc_col-sm-12 wpb_column vc_column_container\"><div class=\"vc_column-inner\"><div class=\"wpb_wrapper\"><div class=\"wpb_text_column\"><div class=\"wpb_wrapper\"><div class=\"row\">\n<div class=\"col-md-12\">\n<h1>Legal Notice<\/h1>\n<p><strong>UID Nummer:<\/strong>ATU76038315<br \/>\n<strong>Vereinregisternummer:<\/strong>1027910796<\/p>\n<p><strong>Offenlegung gem. \u00a725 Mediengesetz<\/strong><\/p>\n<p>F\u00fcr den Inhalt verantwortlicher Medieninhaber:<br \/>\n<strong>Verein ISK Internationale Schule Krems<\/strong> \u2013 Dr.-Gschmeidler-Stra\u00dfe 28, 3500 Krems an der Donau (Haupteingang Ecke Rechte Kremszeile)<br \/>\n<strong>Schulerhalter<\/strong>: Verein ISK Internationale Schule Krems \u2013 Dr.-Gschmeidler-Stra\u00dfe 28, 3500 Krems an der Donau<br \/>\nUID Nummer: ATU76038315<br \/>\nFirmenbuchgericht: Landesgericht Krems an der Donau<\/p>\n<p><strong>Vereinsmitglieder:<\/strong><br \/>\nDi\u00f6zese St. P\u00f6lten Domplatz 1 3100 St. P\u00f6lten<br \/>\nIMC Fachhochschule Krems GmbH Piaristengasse 1 3500 Krems an der Donau FN 79297p<br \/>\nBrantner Gruppe GmbH<br \/>\nDr. Martin Nuhr<br \/>\nDr. Guntard Gutmann<\/p>\n<p><strong>Vereinsgegenstand:<\/strong>Erhaltung einer r\u00f6misch-katholischen konfessionellen Privatschule<\/p>\n<p><strong>Grundlegende Richtung der Website:<\/strong>Ausschlie\u00dflicher Zweck dieser Website ist die Information von potenziellen oder aktuellen Sch\u00fclern der International School Krems und deren Eltern sowie sonstiger interessierter Personen \u00fcber die T\u00e4tigkeit und die Organisation der International School Krems.<\/p>\n<p><strong>Design und Umsetzung<\/strong><br \/>\n<a href=\"https:\/\/Brandingbrothers.at\" target=\"_blank\" rel=\"noopener\">Branding Brothers<\/a><\/p>\n<\/div>\n<div class=\"col-md-12\">\n<p>&nbsp;<\/p>\n<p><a href=\"https:\/\/brandingbrothers.at\" target=\"_blank\" rel=\"noopener\"><img loading=\"lazy\" decoding=\"async\" class=\"alignnone wp-image-1047\" src=\"https:\/\/www.school-krems.at\/wp-content\/uploads\/2021\/03\/Logo_BrandingBrothers_small.png\" alt=\"\" width=\"175\" height=\"100\" srcset=\"https:\/\/www.school-krems.at\/wp-content\/uploads\/2021\/03\/Logo_BrandingBrothers_small.png 200w, https:\/\/www.school-krems.at\/wp-content\/uploads\/2021\/03\/Logo_BrandingBrothers_small-16x9.png 16w\" sizes=\"auto, (max-width: 175px) 100vw, 175px\" \/><\/a><\/p>\n<\/div>\n<p>&nbsp;<\/p>\n<p><strong>Haftungsausschluss und Rechtliche Hinweise<\/strong><\/p>\n<p><u>Inhalt des Webangebotes<br \/>\n<\/u>Der Verein ISK Internationale Schule Krems ist bestrebt, ihr Webangebot aktuell, inhaltlich richtig und vollst\u00e4ndig anzubieten. Das Auftreten von Fehlern kann trotz sorgf\u00e4ltiger Pr\u00fcfung dennoch nicht v\u00f6llig ausgeschlossen werden. Der Verein ISK Internationale Schule Krems \u00fcbernimmt keine Gew\u00e4hr f\u00fcr die Richtigkeit, Aktualit\u00e4t und Vollst\u00e4ndigkeit der in ihrem Webangebot bereitgestellten Informationen. Eine Haftung des Vereins ISK Internationale Schule Krems wird daher ausgeschlossen. Rechtlich verbindlich sind ausschlie\u00dflich die Regelungen gem\u00e4\u00df den einschl\u00e4gigen Rechtsgrundlagen (Gesetze, Verordnungen etc.). Alle Angebote sind freibleibend und unverbindlich. Verein ISK Internationale Schule Krems beh\u00e4lt es sich ausdr\u00fccklich vor, Teile der Seiten oder das gesamte Angebot ohne gesonderte Ank\u00fcndigung zu ver\u00e4ndern, zu erg\u00e4nzen, zu l\u00f6schen oder die Ver\u00f6ffentlichung zeitweise oder endg\u00fcltig einzustellen. Die Links zu anderen Websites wurden sorgf\u00e4ltig ausgew\u00e4hlt. Da der Verein ISK Internationale Schule Krems auf deren Inhalte keinen Einfluss hat, \u00fcbernimmt sie daf\u00fcr keine Verantwortung. Der Verein ISK Internationale Schule Krems weist darauf hin, dass sie keinen Einfluss auf Gestaltung und Inhalte der von ihr verlinkten Websites hat. Der Verein ISK Internationale Schule Krems distanziert sich daher von Inhalten s\u00e4mtlicher auf sie verlinkenden und von ihr verlinkten Seiten hinsichtlich ihrer gesamten Website.<\/p>\n<p><u>Copyright<br \/>\n<\/u>Die ver\u00f6ffentlichten Inhalte und Objekte (Texte, Bilder, Grafiken, Logos u. \u00e4.) sind urheberrechtlich gesch\u00fctzt. Alle Rechte \u2013 sofern nicht ausdr\u00fccklich anders angegeben \u2013 sind dem Verein ISK Internationale Schule Krems vorbehalten. Eine Vervielf\u00e4ltigung, Verarbeitung, Einspeicherung oder Verwendung solcher Grafiken, Ton- und Videodokumente sowie Texte in anderen elektronischen oder gedruckten Publikationen ist ohne ausdr\u00fcckliche Zustimmung des Autors nicht gestattet. Inhalte und Objekte k\u00f6nnen ganz oder teilweise dem Urheberrecht Dritter unterliegen. Durch Dritte gesch\u00fctzte Marken- und Warenzeichen unterliegen uneingeschr\u00e4nkt den Bestimmungen des jeweils g\u00fcltigen Kennzeichenrechts und den Besitzrechten der jeweiligen eingetragenen Eigent\u00fcmer.<\/p>\n<p><u>Privacy Policy<br \/>\n<\/u>Sofern innerhalb des Internetangebotes die M\u00f6glichkeit zur Eingabe pers\u00f6nlicher oder gesch\u00e4ftlicher Daten (E-Mail-Adressen, Namen, Anschriften o. \u00e4.) besteht, erfolgt die Preisgabe dieser Daten seitens des Nutzers auf ausdr\u00fccklich freiwilliger Basis. Die Nutzung der im Rahmen des Impressums oder vergleichbarer Angaben ver\u00f6ffentlichten Kontaktdaten wie Postanschriften, Telefon- und Faxnummern sowie Emailadressen durch Dritte zur \u00dcbersendung von nicht ausdr\u00fccklich angeforderten Informationen ist nicht gestattet. Rechtliche Schritte gegen die Versender von unerbetenen Nachrichten im Sinne des \u00a7107 Abs 2 Telekommunikationsgesetz (sog. Spam-Mails) bei Verst\u00f6\u00dfen gegen dieses Verbot bleiben ausdr\u00fccklich vorbehalten.<\/p>\n<p><u>Rechtswirksamkeit des Haftungsausschlusses<br \/>\n<\/u>Dieser Haftungsausschluss ist als Teil des Internetangebotes zu betrachten, von dem aus auf diese Seite verwiesen wird. Sofern Teile oder einzelne Formulierungen dieses Textes der geltenden Rechtslage nicht, nicht mehr oder nicht vollst\u00e4ndig entsprechen sollten, bleiben die \u00fcbrigen Teile in ihrem Inhalt und ihrer G\u00fcltigkeit davon unber\u00fchrt.<\/p>\n<\/div>\n<\/div><\/div><\/div><\/div><\/div><\/div><\/div><\/section>","protected":false},"excerpt":{"rendered":"Impressum UID Nummer:ATU76038315 Vereinregisternummer:1027910796 Offenlegung gem. \u00a725 Mediengesetz F\u00fcr den Inhalt verantwortlicher Medieninhaber: Verein ISK Internationale Schule Krems \u2013 Dr.-Gschmeidler-Stra\u00dfe 28, 3500 Krems an der Donau (Haupteingang Ecke Rechte Kremszeile) Schulerhalter: Verein ISK Internationale Schule Krems \u2013 Dr.-Gschmeidler-Stra\u00dfe 28, 3500 Krems an der Donau UID Nummer: ATU76038315 Firmenbuchgericht: Landesgericht Krems an der Donau Vereinsmitglieder: Di\u00f6zese...","protected":false},"author":2,"featured_media":0,"parent":0,"menu_order":0,"comment_status":"closed","ping_status":"closed","template":"","meta":{"footnotes":""},"class_list":["post-944","page","type-page","status-publish","hentry"],"_links":{"self":[{"href":"https:\/\/www.school-krems.at\/en\/wp-json\/wp\/v2\/pages\/944","targetHints":{"allow":["GET"]}}],"collection":[{"href":"https:\/\/www.school-krems.at\/en\/wp-json\/wp\/v2\/pages"}],"about":[{"href":"https:\/\/www.school-krems.at\/en\/wp-json\/wp\/v2\/types\/page"}],"author":[{"embeddable":true,"href":"https:\/\/www.school-krems.at\/en\/wp-json\/wp\/v2\/users\/2"}],"replies":[{"embeddable":true,"href":"https:\/\/www.school-krems.at\/en\/wp-json\/wp\/v2\/comments?post=944"}],"version-history":[{"count":0,"href":"https:\/\/www.school-krems.at\/en\/wp-json\/wp\/v2\/pages\/944\/revisions"}],"wp:attachment":[{"href":"https:\/\/www.school-krems.at\/en\/wp-json\/wp\/v2\/media?parent=944"}],"curies":[{"name":"wp","href":"https:\/\/api.w.org\/{rel}","templated":true}]}}